{"id":3,"date":"2020-04-13T11:08:17","date_gmt":"2020-04-13T09:08:17","guid":{"rendered":"http:\/\/cidrepaysdauge.com\/?page_id=3"},"modified":"2021-02-26T18:07:04","modified_gmt":"2021-02-26T16:07:04","slug":"politique-de-confidentialite-cidre-pays-d-auge","status":"publish","type":"page","link":"https:\/\/cidrepaysdauge.com\/fr\/politique-de-confidentialite-cidre-pays-d-auge\/","title":{"rendered":"Politique de confidentialit\u00e9"},"content":{"rendered":"\n\n[et_pb_section fb_built=\u00a0\u00bb1&Prime; admin_label=\u00a0\u00bbsection\u00a0\u00bb _builder_version=\u00a0\u00bb3.22&Prime;][et_pb_row admin_label=\u00a0\u00bbrow\u00a0\u00bb _builder_version=\u00a0\u00bb3.25&Prime;][et_pb_column type=\u00a0\u00bb4_4&Prime; _builder_version=\u00a0\u00bb3.25&Prime; custom_padding=\u00a0\u00bb|||\u00a0\u00bb custom_padding__hover=\u00a0\u00bb|||\u00a0\u00bb][et_pb_text admin_label=\u00a0\u00bbText\u00a0\u00bb _builder_version=\u00a0\u00bb4.4.7&Prime; background_size=\u00a0\u00bbinitial\u00a0\u00bb background_position=\u00a0\u00bbtop_left\u00a0\u00bb background_repeat=\u00a0\u00bbrepeat\u00a0\u00bb]<!-- divi:heading -->\n<h1>Politique de confidentialit\u00e9<\/h1>\n<p>Derni\u00e8re mise \u00e0 jour : 26 mai 2020<\/p>\n<h2>Qui sommes-nous\u00a0?<\/h2>\n<p>L\u2019adresse de notre site Web est\u00a0: <a href=\"https:\/\/cidrepaysdauge.com\">https:\/\/cidrepaysdauge.com<\/a><\/p>\n<p>Interprofession des Appellations Cidricoles<br \/>ZA Cardonville 8 rue de la libert\u00e9 Bretteville-L&rsquo;Orgueilleuse<br \/>14740 Thue et Mue<br \/>Directeur de la publication : Damien AMADOU<\/p>\n<p>Adresse de contact\u00a0: contact-at-cidrepaysdauge.com<\/p>\n<h2>H\u00e9bergement<\/h2>\n<p>OVH<\/p>\n<p>2 rue Kellermann \u2013 59100 Roubaix \u2013 France<br \/>RCS Lille M\u00e9tropole 424 761 419 00045<\/p>\n<p>En utilisant notre site, vous consentez \u00e0 notre politique de confidentialit\u00e9.<\/p>\n<h2>Collecte des donn\u00e9es personnelles<\/h2>\n<p>Nous recueillons des informations lorsque vous vous inscrivez sur notre site, lorsque vous vous connectez \u00e0 votre compte, faites un achat, participez \u00e0 un concours, et \/ ou lorsque vous vous d\u00e9connectez. Les informations recueillies incluent votre nom, votre adresse e-mail, num\u00e9ro de t\u00e9l\u00e9phone.<\/p>\n<p>En outre, nous recevons et enregistrons automatiquement des informations \u00e0 partir de votre ordinateur et navigateur, y compris votre adresse IP, vos logiciels et votre mat\u00e9riel, et la page que vous demandez.<\/p>\n<p>La collecte de ces informations peut \u00eatre utilis\u00e9e pour :<\/p>\n<ul>\n<li>Personnaliser votre exp\u00e9rience et r\u00e9pondre \u00e0 vos besoins individuels<\/li>\n<li>Fournir un contenu publicitaire personnalis\u00e9<\/li>\n<li>Am\u00e9liorer notre site Web<\/li>\n<li>Am\u00e9liorer le service client et vos besoins de prise en charge<\/li>\n<li>Prendre contact avec vous<\/li>\n<li>R\u00e9aliser un concours, une promotion, ou une enqu\u00eate<\/li>\n<li>Medias<\/li>\n<\/ul>\n<p>Si vous \u00eates un ou une utilisatrice enregistr\u00e9(e) et que vous t\u00e9l\u00e9versez des images sur le site web, nous vous conseillons d\u2019\u00e9viter de t\u00e9l\u00e9verser des images contenant des donn\u00e9es EXIF de coordonn\u00e9es GPS. Les visiteurs de votre site web peuvent t\u00e9l\u00e9charger et extraire des donn\u00e9es de localisation depuis ces images.<\/p>\n<h3>Formulaire de contact<\/h3>\n<p>Certaines donn\u00e9es personnelles peuvent \u00eatre collect\u00e9es par l\u2019interm\u00e9diaire de formulaires pr\u00e9sents sur notre site web. Les informations que l\u2019utilisateur a compl\u00e9t\u00e9es sont transmises par email \u00e0 nos \u00e9quipes et sont \u00e9galement stock\u00e9es sur nos serveurs avec une dur\u00e9e de r\u00e9tention de 5 ans. Aucune des informations que vous nous communiquez, n\u2019est utilis\u00e9e \u00e0 des fins commerciales ou revendue \u00e0 un tiers.<\/p>\n<h3>Cookies<\/h3>\n<p>Si vous avez un compte et que vous vous connectez sur ce site, un cookie temporaire sera cr\u00e9\u00e9 afin de d\u00e9terminer si votre navigateur accepte les cookies. Il ne contient pas de donn\u00e9es personnelles et sera supprim\u00e9 automatiquement \u00e0 la fermeture de votre navigateur.<\/p>\n<p>Lorsque vous vous connecterez, nous mettrons en place un certain nombre de cookies pour enregistrer vos informations de connexion et vos pr\u00e9f\u00e9rences d\u2019\u00e9cran.<\/p>\n<p>La dur\u00e9e de vie d\u2019un cookie de connexion est de deux jours, celle d\u2019un cookie d\u2019option d\u2019\u00e9cran est d\u2019un an. Si vous cochez \u00ab Se souvenir de moi \u00bb, votre cookie de connexion sera conserv\u00e9 pendant deux semaines. Si vous vous d\u00e9connectez de votre compte, le cookie de connexion sera effac\u00e9.<\/p>\n<p>En modifiant ou en publiant un article, un cookie suppl\u00e9mentaire sera enregistr\u00e9 dans votre navigateur. Ce cookie ne comprend aucune donn\u00e9e personnelle. Il indique simplement l\u2019identifiant de l\u2019article que vous venez de modifier. Il expire au bout d\u2019un jour.<\/p>\n<h3>Recaptcha<\/h3>\n<p>Nous utilisons le service reCAPTCHA de Google pour prot\u00e9ger les formulaires sur votre site. Ce service envoie l\u2019adresse IP et autres informations requises par Google pour assurer ce service. \u00c0 cette fin, vos donn\u00e9es seront communiqu\u00e9es \u00e0 Google et utilis\u00e9es par leurs services. Toutefois, l\u2019adresse IP sera pr\u00e9alablement raccourcie par Google dans les \u00c9tats membres de l\u2019Union europ\u00e9enne et sera ainsi anonyme.<\/p>\n<p>Dans certains cas exceptionnels, votre adresse IP compl\u00e8te sera transmise \u00e0 un serveur de Google aux \u00c9tats-Unis et raccourcie ensuite. Au nom de l\u2019exploitant de ce site web, Google utilisera ces informations pour \u00e9valuer votre utilisation de ce service. L\u2019adresse IP fournie par reCAPTCHA par votre navigateur ne sera pas fusionn\u00e9e avec d\u2019autres donn\u00e9es de Google. Cette collection des donn\u00e9es est sujette \u00e0 la Charte de confidentialit\u00e9 de Google. La politique de confidentialit\u00e9 de Google est consultable sur : https:\/\/policies.google.com\/privacy?hl=fr<\/p>\n<p>En utilisant le service reCAPTCHA, vous consentez au traitement des donn\u00e9es vous concernant par Google, de la mani\u00e8re et aux fins \u00e9nonc\u00e9es ci-dessus.<\/p>\n<h3>Contenu embarqu\u00e9 depuis d\u2019autres sites<\/h3>\n<p>Les articles de ce site peuvent inclure des contenus int\u00e9gr\u00e9s (par exemple des vid\u00e9os, images, articles\u2026). Le contenu int\u00e9gr\u00e9 depuis d\u2019autres sites se comporte de la m\u00eame mani\u00e8re que si le visiteur se rendait sur cet autre site.<\/p>\n<p>Ces sites web pourraient collecter des donn\u00e9es sur vous, utiliser des cookies, embarquer des outils de suivis tiers, suivre vos interactions avec ces contenus embarqu\u00e9s si vous disposez d\u2019un compte connect\u00e9 sur leur site web.<\/p>\n<h3>Statistiques et mesures d\u2019audience<\/h3>\n<p>Notre site utilise des outils statistiques pour mesurer les niveaux d\u2019audience, principalement l\u2019outil Google Analytics. Vous trouverez plus d\u2019informations concernant les R\u00e8gles de confidentialit\u00e9 de ce service sur les pages de l\u2019\u00e9diteur : <a href=\"https:\/\/www.google.com\/analytics\/terms\/fr.html\">https:\/\/www.google.com\/analytics\/terms\/fr.html<\/a><\/p>\n<p><a href=\"https:\/\/support.google.com\/analytics\/answer\/6004245\">https:\/\/support.google.com\/analytics\/answer\/6004245<\/a><\/p>\n<h2>Vos donn\u00e9es personnelles<\/h2>\n<h3>Transmission de vos donn\u00e9es personnelles<\/h3>\n<p>Nous ne vendons, n\u2019\u00e9changeons et ne transf\u00e9rons pas vos informations personnelles identifiables \u00e0 des tiers. Cela ne comprend pas les tierce parties de confiance qui nous aident \u00e0 exploiter notre site Web, tant que ces parties conviennent de garder ces informations confidentielles.<\/p>\n<p>Cela nous permet de partager des informations afin d\u2019enqu\u00eater, de pr\u00e9venir ou de prendre des mesures concernant des activit\u00e9s ill\u00e9gales, fraudes pr\u00e9sum\u00e9es, situations impliquant des menaces potentielles \u00e0 la s\u00e9curit\u00e9 physique de toute personne, violations de nos conditions d\u2019utilisation, ou quand la loi nous y contraint.<\/p>\n<p>Les informations non-priv\u00e9es, cependant, peuvent \u00eatre fournies \u00e0 d\u2019autres parties pour le marketing, la publicit\u00e9, ou d\u2019autres utilisations.<\/p>\n<p>Les commentaires des visiteurs peuvent \u00eatre v\u00e9rifi\u00e9s \u00e0 l\u2019aide d\u2019un service automatis\u00e9 de d\u00e9tection des commentaires ind\u00e9sirables.<\/p>\n<h3>Confidentialit\u00e9 de vos donn\u00e9es<\/h3>\n<p>Nous sommes les seuls propri\u00e9taires des informations recueillies sur ce site. Vos informations personnelles ne seront pas vendues, \u00e9chang\u00e9es, transf\u00e9r\u00e9es, ou donn\u00e9es \u00e0 une autre soci\u00e9t\u00e9 pour n\u2019importe quelle raison, sans votre consentement, en dehors de ce qui est n\u00e9cessaire pour r\u00e9pondre \u00e0 une demande et \/ ou une transaction, comme par exemple pour exp\u00e9dier une commande.<\/p>\n<h3>Se d\u00e9sabonner<\/h3>\n<p>Nous utilisons l\u2019adresse e-mail que vous nous fournissez pour vous envoyer des informations et mises \u00e0 jour relatives \u00e0 vos commandes et aux produits li\u00e9s, \u00e0 l\u2019actualit\u00e9 de notre soci\u00e9t\u00e9. En dehors des mails transactionnels (gestion de vos commandes), vous avez la possibilit\u00e9 de ne plus recevoir d\u2019e-mails. Dans ce cas, les instructions de d\u00e9sabonnement sont incluses en bas de chaque e-mail.<\/p>\n<h3>Acc\u00e8s aux donn\u00e9es<\/h3>\n<p>Si vous avez un compte ou si vous avez laiss\u00e9 des commentaires sur le site, vous pouvez demander \u00e0 recevoir un fichier contenant toutes les donn\u00e9es personnelles que nous poss\u00e9dons \u00e0 votre sujet, incluant celles que vous nous avez fournies. Vous pouvez \u00e9galement demander la suppression des donn\u00e9es personnelles vous concernant. Cela ne prend pas en compte les donn\u00e9es stock\u00e9es \u00e0 des fins administratives, l\u00e9gales ou pour des raisons de s\u00e9curit\u00e9.<\/p>\n<p>Pour faire valoir ce droit, nous vous invitons \u00e0 transmettre un courrier \u00e0 l\u2019adresse e-mail ci-dessus sur le mod\u00e8le pr\u00e9conis\u00e9 par la CNIL (<a href=\"https:\/\/www.cnil.fr\/fr\/modele\/courrier\/exercer-son-droit-dacces\">https:\/\/www.cnil.fr\/fr\/modele\/courrier\/exercer-son-droit-dacces<\/a>).<\/p>\n<p>Liste des logiciels de tracking et de statistiques utilis\u00e9s par le site\u00a0:<br \/>Contact Form 7<br \/>Google Analytics<br \/>Google Font API<br \/>Google Tag Manager<br \/>Google Universal Analytics<br \/>reCAPTCHA<br \/>WordPress Plugins<br \/>Yoast Plugins<\/p>\n<!-- \/divi:heading -->[\/et_pb_text][\/et_pb_column][\/et_pb_row][\/et_pb_section]\n\n","protected":false},"excerpt":{"rendered":"<p>Politique de confidentialit\u00e9 Derni\u00e8re mise \u00e0 jour : 26 mai 2020 Qui sommes-nous\u00a0? L\u2019adresse de notre site Web est\u00a0: https:\/\/cidrepaysdauge.com Interprofession des Appellations CidricolesZA Cardonville 8 rue de la libert\u00e9 Bretteville-L&rsquo;Orgueilleuse14740 Thue et MueDirecteur de la publication : Damien AMADOU Adresse de contact\u00a0: contact-at-cidrepaysdauge.com H\u00e9bergement OVH 2 rue Kellermann \u2013 59100 Roubaix \u2013 FranceRCS Lille [&hellip;]<\/p>\n","protected":false},"author":1,"featured_media":0,"parent":0,"menu_order":8,"comment_status":"closed","ping_status":"closed","template":"","meta":{"_et_pb_use_builder":"on","_et_pb_old_content":"<!-- wp:heading --><h2>Who we are<\/h2><!-- \/wp:heading --><!-- wp:paragraph --><p>Our website address is: http:\/\/cidrepaysdauge.com.<\/p><!-- \/wp:paragraph --><!-- wp:heading --><h2>What personal data we collect and why we collect it<\/h2><!-- \/wp:heading --><!-- wp:heading {\"level\":3} --><h3>Comments<\/h3><!-- \/wp:heading --><!-- wp:paragraph --><p>When visitors leave comments on the site we collect the data shown in the comments form, and also the visitor&#8217;s IP address and browser user agent string to help spam detection.<\/p><!-- \/wp:paragraph --><!-- wp:paragraph --><p>An anonymized string created from your email address (also called a hash) may be provided to the Gravatar service to see if you are using it. The Gravatar service privacy policy is available here: https:\/\/automattic.com\/privacy\/. After approval of your comment, your profile picture is visible to the public in the context of your comment.<\/p><!-- \/wp:paragraph --><!-- wp:heading {\"level\":3} --><h3>Media<\/h3><!-- \/wp:heading --><!-- wp:paragraph --><p>If you upload images to the website, you should avoid uploading images with embedded location data (EXIF GPS) included. Visitors to the website can download and extract any location data from images on the website.<\/p><!-- \/wp:paragraph --><!-- wp:heading {\"level\":3} --><h3>Contact forms<\/h3><!-- \/wp:heading --><!-- wp:heading {\"level\":3} --><h3>Cookies<\/h3><!-- \/wp:heading --><!-- wp:paragraph --><p>If you leave a comment on our site you may opt-in to saving your name, email address and website in cookies. These are for your convenience so that you do not have to fill in your details again when you leave another comment. These cookies will last for one year.<\/p><!-- \/wp:paragraph --><!-- wp:paragraph --><p>If you have an account and you log in to this site, we will set a temporary cookie to determine if your browser accepts cookies. This cookie contains no personal data and is discarded when you close your browser.<\/p><!-- \/wp:paragraph --><!-- wp:paragraph --><p>When you log in, we will also set up several cookies to save your login information and your screen display choices. Login cookies last for two days, and screen options cookies last for a year. If you select &quot;Remember Me&quot;, your login will persist for two weeks. If you log out of your account, the login cookies will be removed.<\/p><!-- \/wp:paragraph --><!-- wp:paragraph --><p>If you edit or publish an article, an additional cookie will be saved in your browser. This cookie includes no personal data and simply indicates the post ID of the article you just edited. It expires after 1 day.<\/p><!-- \/wp:paragraph --><!-- wp:heading {\"level\":3} --><h3>Embedded content from other websites<\/h3><!-- \/wp:heading --><!-- wp:paragraph --><p>Articles on this site may include embedded content (e.g. videos, images, articles, etc.). Embedded content from other websites behaves in the exact same way as if the visitor has visited the other website.<\/p><!-- \/wp:paragraph --><!-- wp:paragraph --><p>These websites may collect data about you, use cookies, embed additional third-party tracking, and monitor your interaction with that embedded content, including tracking your interaction with the embedded content if you have an account and are logged in to that website.<\/p><!-- \/wp:paragraph --><!-- wp:heading {\"level\":3} --><h3>Analytics<\/h3><!-- \/wp:heading --><!-- wp:heading --><h2>Who we share your data with<\/h2><!-- \/wp:heading --><!-- wp:heading --><h2>How long we retain your data<\/h2><!-- \/wp:heading --><!-- wp:paragraph --><p>If you leave a comment, the comment and its metadata are retained indefinitely. This is so we can recognize and approve any follow-up comments automatically instead of holding them in a moderation queue.<\/p><!-- \/wp:paragraph --><!-- wp:paragraph --><p>For users that register on our website (if any), we also store the personal information they provide in their user profile. All users can see, edit, or delete their personal information at any time (except they cannot change their username). Website administrators can also see and edit that information.<\/p><!-- \/wp:paragraph --><!-- wp:heading --><h2>What rights you have over your data<\/h2><!-- \/wp:heading --><!-- wp:paragraph --><p>If you have an account on this site, or have left comments, you can request to receive an exported file of the personal data we hold about you, including any data you have provided to us. You can also request that we erase any personal data we hold about you. This does not include any data we are obliged to keep for administrative, legal, or security purposes.<\/p><!-- \/wp:paragraph --><!-- wp:heading --><h2>Where we send your data<\/h2><!-- \/wp:heading --><!-- wp:paragraph --><p>Visitor comments may be checked through an automated spam detection service.<\/p><!-- \/wp:paragraph --><!-- wp:heading --><h2>Your contact information<\/h2><!-- \/wp:heading --><!-- wp:heading --><h2>Additional information<\/h2><!-- \/wp:heading --><!-- wp:heading {\"level\":3} --><h3>How we protect your data<\/h3><!-- \/wp:heading --><!-- wp:heading {\"level\":3} --><h3>What data breach procedures we have in place<\/h3><!-- \/wp:heading --><!-- wp:heading {\"level\":3} --><h3>What third parties we receive data from<\/h3><!-- \/wp:heading --><!-- wp:heading {\"level\":3} --><h3>What automated decision making and\/or profiling we do with user data<\/h3><!-- \/wp:heading --><!-- wp:heading {\"level\":3} --><h3>Industry regulatory disclosure requirements<\/h3><!-- \/wp:heading -->","_et_gb_content_width":"","footnotes":""},"class_list":["post-3","page","type-page","status-publish","hentry"],"yoast_head":"<!-- This site is optimized with the Yoast SEO plugin v26.8 - https:\/\/yoast.com\/product\/yoast-seo-wordpress\/ -->\n<title>Politique de confidentialit\u00e9 - Cidre Pays d&#039;Auge<\/title>\n<meta name=\"description\" content=\"La politique de confidentialit\u00e9 du site Internet de l&#039;appellation d&#039;origine prot\u00e9g\u00e9e Cidre Pays d&#039;Auge.\" \/>\n<meta name=\"robots\" content=\"index, follow, max-snippet:-1, max-image-preview:large, max-video-preview:-1\" \/>\n<link rel=\"canonical\" href=\"https:\/\/cidrepaysdauge.com\/fr\/politique-de-confidentialite-cidre-pays-d-auge\/\" \/>\n<meta property=\"og:locale\" content=\"fr_FR\" \/>\n<meta property=\"og:type\" content=\"article\" \/>\n<meta property=\"og:title\" content=\"Politique de confidentialit\u00e9 - Cidre Pays d&#039;Auge\" \/>\n<meta property=\"og:description\" content=\"La politique de confidentialit\u00e9 du site Internet de l&#039;appellation d&#039;origine prot\u00e9g\u00e9e Cidre Pays d&#039;Auge.\" \/>\n<meta property=\"og:url\" content=\"https:\/\/cidrepaysdauge.com\/fr\/politique-de-confidentialite-cidre-pays-d-auge\/\" \/>\n<meta property=\"og:site_name\" content=\"Cidre Pays d&#039;Auge\" \/>\n<meta property=\"article:publisher\" content=\"https:\/\/www.facebook.com\/cidrepaysdauge\" \/>\n<meta property=\"article:modified_time\" content=\"2021-02-26T16:07:04+00:00\" \/>\n<meta name=\"twitter:card\" content=\"summary_large_image\" \/>\n<meta name=\"twitter:label1\" content=\"Dur\u00e9e de lecture estim\u00e9e\" \/>\n\t<meta name=\"twitter:data1\" content=\"6 minutes\" \/>\n<script type=\"application\/ld+json\" class=\"yoast-schema-graph\">{\"@context\":\"https:\/\/schema.org\",\"@graph\":[{\"@type\":[\"WebPage\",\"AboutPage\"],\"@id\":\"https:\/\/cidrepaysdauge.com\/fr\/politique-de-confidentialite-cidre-pays-d-auge\/\",\"url\":\"https:\/\/cidrepaysdauge.com\/fr\/politique-de-confidentialite-cidre-pays-d-auge\/\",\"name\":\"Politique de confidentialit\u00e9 - Cidre Pays d&#039;Auge\",\"isPartOf\":{\"@id\":\"https:\/\/cidrepaysdauge.com\/fr\/#website\"},\"datePublished\":\"2020-04-13T09:08:17+00:00\",\"dateModified\":\"2021-02-26T16:07:04+00:00\",\"description\":\"La politique de confidentialit\u00e9 du site Internet de l'appellation d'origine prot\u00e9g\u00e9e Cidre Pays d'Auge.\",\"breadcrumb\":{\"@id\":\"https:\/\/cidrepaysdauge.com\/fr\/politique-de-confidentialite-cidre-pays-d-auge\/#breadcrumb\"},\"inLanguage\":\"fr-FR\",\"potentialAction\":[{\"@type\":\"ReadAction\",\"target\":[\"https:\/\/cidrepaysdauge.com\/fr\/politique-de-confidentialite-cidre-pays-d-auge\/\"]}]},{\"@type\":\"BreadcrumbList\",\"@id\":\"https:\/\/cidrepaysdauge.com\/fr\/politique-de-confidentialite-cidre-pays-d-auge\/#breadcrumb\",\"itemListElement\":[{\"@type\":\"ListItem\",\"position\":1,\"name\":\"Home\",\"item\":\"https:\/\/cidrepaysdauge.com\/fr\/\"},{\"@type\":\"ListItem\",\"position\":2,\"name\":\"Politique de confidentialit\u00e9\"}]},{\"@type\":\"WebSite\",\"@id\":\"https:\/\/cidrepaysdauge.com\/fr\/#website\",\"url\":\"https:\/\/cidrepaysdauge.com\/fr\/\",\"name\":\"Cidre Pays d'Auge\",\"description\":\"\",\"publisher\":{\"@id\":\"https:\/\/cidrepaysdauge.com\/fr\/#organization\"},\"potentialAction\":[{\"@type\":\"SearchAction\",\"target\":{\"@type\":\"EntryPoint\",\"urlTemplate\":\"https:\/\/cidrepaysdauge.com\/fr\/?s={search_term_string}\"},\"query-input\":{\"@type\":\"PropertyValueSpecification\",\"valueRequired\":true,\"valueName\":\"search_term_string\"}}],\"inLanguage\":\"fr-FR\"},{\"@type\":\"Organization\",\"@id\":\"https:\/\/cidrepaysdauge.com\/fr\/#organization\",\"name\":\"Cidre Pays d'Auge\",\"url\":\"https:\/\/cidrepaysdauge.com\/fr\/\",\"logo\":{\"@type\":\"ImageObject\",\"inLanguage\":\"fr-FR\",\"@id\":\"https:\/\/cidrepaysdauge.com\/fr\/#\/schema\/logo\/image\/\",\"url\":\"https:\/\/cidrepaysdauge.com\/wp-content\/uploads\/2020\/04\/200px-Logo-AOP.png\",\"contentUrl\":\"https:\/\/cidrepaysdauge.com\/wp-content\/uploads\/2020\/04\/200px-Logo-AOP.png\",\"width\":200,\"height\":112,\"caption\":\"Cidre Pays d'Auge\"},\"image\":{\"@id\":\"https:\/\/cidrepaysdauge.com\/fr\/#\/schema\/logo\/image\/\"},\"sameAs\":[\"https:\/\/www.facebook.com\/cidrepaysdauge\",\"https:\/\/www.instagram.com\/cidrepaysdauge\/\",\"https:\/\/www.youtube.com\/channel\/UCTf-qM928h9Skk5Ltl1ihAw\"]}]}<\/script>\n<!-- \/ Yoast SEO plugin. -->","yoast_head_json":{"title":"Politique de confidentialit\u00e9 - Cidre Pays d&#039;Auge","description":"La politique de confidentialit\u00e9 du site Internet de l'appellation d'origine prot\u00e9g\u00e9e Cidre Pays d'Auge.","robots":{"index":"index","follow":"follow","max-snippet":"max-snippet:-1","max-image-preview":"max-image-preview:large","max-video-preview":"max-video-preview:-1"},"canonical":"https:\/\/cidrepaysdauge.com\/fr\/politique-de-confidentialite-cidre-pays-d-auge\/","og_locale":"fr_FR","og_type":"article","og_title":"Politique de confidentialit\u00e9 - Cidre Pays d&#039;Auge","og_description":"La politique de confidentialit\u00e9 du site Internet de l'appellation d'origine prot\u00e9g\u00e9e Cidre Pays d'Auge.","og_url":"https:\/\/cidrepaysdauge.com\/fr\/politique-de-confidentialite-cidre-pays-d-auge\/","og_site_name":"Cidre Pays d&#039;Auge","article_publisher":"https:\/\/www.facebook.com\/cidrepaysdauge","article_modified_time":"2021-02-26T16:07:04+00:00","twitter_card":"summary_large_image","twitter_misc":{"Dur\u00e9e de lecture estim\u00e9e":"6 minutes"},"schema":{"@context":"https:\/\/schema.org","@graph":[{"@type":["WebPage","AboutPage"],"@id":"https:\/\/cidrepaysdauge.com\/fr\/politique-de-confidentialite-cidre-pays-d-auge\/","url":"https:\/\/cidrepaysdauge.com\/fr\/politique-de-confidentialite-cidre-pays-d-auge\/","name":"Politique de confidentialit\u00e9 - Cidre Pays d&#039;Auge","isPartOf":{"@id":"https:\/\/cidrepaysdauge.com\/fr\/#website"},"datePublished":"2020-04-13T09:08:17+00:00","dateModified":"2021-02-26T16:07:04+00:00","description":"La politique de confidentialit\u00e9 du site Internet de l'appellation d'origine prot\u00e9g\u00e9e Cidre Pays d'Auge.","breadcrumb":{"@id":"https:\/\/cidrepaysdauge.com\/fr\/politique-de-confidentialite-cidre-pays-d-auge\/#breadcrumb"},"inLanguage":"fr-FR","potentialAction":[{"@type":"ReadAction","target":["https:\/\/cidrepaysdauge.com\/fr\/politique-de-confidentialite-cidre-pays-d-auge\/"]}]},{"@type":"BreadcrumbList","@id":"https:\/\/cidrepaysdauge.com\/fr\/politique-de-confidentialite-cidre-pays-d-auge\/#breadcrumb","itemListElement":[{"@type":"ListItem","position":1,"name":"Home","item":"https:\/\/cidrepaysdauge.com\/fr\/"},{"@type":"ListItem","position":2,"name":"Politique de confidentialit\u00e9"}]},{"@type":"WebSite","@id":"https:\/\/cidrepaysdauge.com\/fr\/#website","url":"https:\/\/cidrepaysdauge.com\/fr\/","name":"Cidre Pays d'Auge","description":"","publisher":{"@id":"https:\/\/cidrepaysdauge.com\/fr\/#organization"},"potentialAction":[{"@type":"SearchAction","target":{"@type":"EntryPoint","urlTemplate":"https:\/\/cidrepaysdauge.com\/fr\/?s={search_term_string}"},"query-input":{"@type":"PropertyValueSpecification","valueRequired":true,"valueName":"search_term_string"}}],"inLanguage":"fr-FR"},{"@type":"Organization","@id":"https:\/\/cidrepaysdauge.com\/fr\/#organization","name":"Cidre Pays d'Auge","url":"https:\/\/cidrepaysdauge.com\/fr\/","logo":{"@type":"ImageObject","inLanguage":"fr-FR","@id":"https:\/\/cidrepaysdauge.com\/fr\/#\/schema\/logo\/image\/","url":"https:\/\/cidrepaysdauge.com\/wp-content\/uploads\/2020\/04\/200px-Logo-AOP.png","contentUrl":"https:\/\/cidrepaysdauge.com\/wp-content\/uploads\/2020\/04\/200px-Logo-AOP.png","width":200,"height":112,"caption":"Cidre Pays d'Auge"},"image":{"@id":"https:\/\/cidrepaysdauge.com\/fr\/#\/schema\/logo\/image\/"},"sameAs":["https:\/\/www.facebook.com\/cidrepaysdauge","https:\/\/www.instagram.com\/cidrepaysdauge\/","https:\/\/www.youtube.com\/channel\/UCTf-qM928h9Skk5Ltl1ihAw"]}]}},"_links":{"self":[{"href":"https:\/\/cidrepaysdauge.com\/fr\/wp-json\/wp\/v2\/pages\/3","targetHints":{"allow":["GET"]}}],"collection":[{"href":"https:\/\/cidrepaysdauge.com\/fr\/wp-json\/wp\/v2\/pages"}],"about":[{"href":"https:\/\/cidrepaysdauge.com\/fr\/wp-json\/wp\/v2\/types\/page"}],"author":[{"embeddable":true,"href":"https:\/\/cidrepaysdauge.com\/fr\/wp-json\/wp\/v2\/users\/1"}],"replies":[{"embeddable":true,"href":"https:\/\/cidrepaysdauge.com\/fr\/wp-json\/wp\/v2\/comments?post=3"}],"version-history":[{"count":0,"href":"https:\/\/cidrepaysdauge.com\/fr\/wp-json\/wp\/v2\/pages\/3\/revisions"}],"wp:attachment":[{"href":"https:\/\/cidrepaysdauge.com\/fr\/wp-json\/wp\/v2\/media?parent=3"}],"curies":[{"name":"wp","href":"https:\/\/api.w.org\/{rel}","templated":true}]}}