{"id":240,"date":"2020-04-21T17:55:51","date_gmt":"2020-04-21T15:55:51","guid":{"rendered":"https:\/\/cidrepaysdauge.com\/?page_id=240"},"modified":"2021-04-09T14:22:29","modified_gmt":"2021-04-09T13:22:29","slug":"degustation","status":"publish","type":"page","link":"https:\/\/cidrepaysdauge.com\/fr\/degustation\/","title":{"rendered":"Degustation"},"content":{"rendered":"<p>[et_pb_section fb_built=\u00a0\u00bb1&Prime; fullwidth=\u00a0\u00bbon\u00a0\u00bb admin_label=\u00a0\u00bbHeader\u00a0\u00bb _builder_version=\u00a0\u00bb4.4.9&Prime; background_image=\u00a0\u00bbhttps:\/\/cidrepaysdauge.com\/wp-content\/uploads\/2020\/04\/Degustation-header.jpg\u00a0\u00bb background_position=\u00a0\u00bbcenter_left\u00a0\u00bb height=\u00a0\u00bb429px\u00a0\u00bb custom_margin=\u00a0\u00bb|||\u00a0\u00bb custom_padding=\u00a0\u00bb|||\u00a0\u00bb background_last_edited=\u00a0\u00bbon|phone\u00a0\u00bb background_image_phone=\u00a0\u00bbhttps:\/\/cidrepaysdauge.com\/wp-content\/uploads\/2020\/04\/Degustation.jpg\u00a0\u00bb background_enable_image_phone=\u00a0\u00bbon\u00a0\u00bb locked=\u00a0\u00bboff\u00a0\u00bb title_text_phone=\u00a0\u00bbDegustation\u00a0\u00bb][\/et_pb_section][et_pb_section fb_built=\u00a0\u00bb1&Prime; _builder_version=\u00a0\u00bb4.4.4&Prime; background_color=\u00a0\u00bbrgba(0,0,0,0.18)\u00a0\u00bb transform_translate=\u00a0\u00bb-61px|-52px\u00a0\u00bb max_width=\u00a0\u00bb75%\u00a0\u00bb module_alignment=\u00a0\u00bbright\u00a0\u00bb custom_margin=\u00a0\u00bb||-6px|||\u00a0\u00bb custom_padding=\u00a0\u00bb27px|||||\u00a0\u00bb locked=\u00a0\u00bboff\u00a0\u00bb][et_pb_row _builder_version=\u00a0\u00bb4.4.3&Prime; background_color=\u00a0\u00bbrgba(0,103,71,0.1)\u00a0\u00bb module_alignment=\u00a0\u00bbright\u00a0\u00bb][et_pb_column type=\u00a0\u00bb4_4&Prime; _builder_version=\u00a0\u00bb4.4.3&Prime;][et_pb_text _builder_version=\u00a0\u00bb4.4.4&Prime; background_enable_color=\u00a0\u00bboff\u00a0\u00bb max_width=\u00a0\u00bb80%\u00a0\u00bb max_width_tablet=\u00a0\u00bb\u00a0\u00bb max_width_phone=\u00a0\u00bb\u00a0\u00bb max_width_last_edited=\u00a0\u00bbon|phone\u00a0\u00bb module_alignment=\u00a0\u00bbcenter\u00a0\u00bb animation_style=\u00a0\u00bbzoom\u00a0\u00bb animation_duration=\u00a0\u00bb1400ms\u00a0\u00bb animation_intensity_zoom=\u00a0\u00bb14%\u00a0\u00bb header_font_size_tablet=\u00a0\u00bb48px\u00a0\u00bb header_font_size_phone=\u00a0\u00bb36px\u00a0\u00bb header_font_size_last_edited=\u00a0\u00bbon|desktop\u00a0\u00bb]<\/p>\n<h1 style=\"text-align: center;\">Mille fa\u00e7ons de savourer<\/h1>\n<p>[\/et_pb_text][\/et_pb_column][\/et_pb_row][\/et_pb_section][et_pb_section fb_built=\u00a0\u00bb1&Prime; admin_label=\u00a0\u00bbServices\u00a0\u00bb _builder_version=\u00a0\u00bb4.4.3&Prime; background_color=\u00a0\u00bb#f9f9fb\u00a0\u00bb background_enable_image=\u00a0\u00bboff\u00a0\u00bb background_size=\u00a0\u00bbinitial\u00a0\u00bb background_position=\u00a0\u00bbbottom_center\u00a0\u00bb background_blend=\u00a0\u00bbmultiply\u00a0\u00bb custom_margin=\u00a0\u00bb-115px|||||\u00a0\u00bb locked=\u00a0\u00bboff\u00a0\u00bb][et_pb_row column_structure=\u00a0\u00bb1_2,1_2&Prime; module_id=\u00a0\u00bbSection1&Prime; _builder_version=\u00a0\u00bb4.4.3&Prime; locked=\u00a0\u00bboff\u00a0\u00bb][et_pb_column type=\u00a0\u00bb1_2&Prime; _builder_version=\u00a0\u00bb3.25&Prime; custom_padding=\u00a0\u00bb|||\u00a0\u00bb custom_padding__hover=\u00a0\u00bb|||\u00a0\u00bb][et_pb_text _builder_version=\u00a0\u00bb4.4.6&Prime; max_width=\u00a0\u00bb600px\u00a0\u00bb module_alignment=\u00a0\u00bbcenter\u00a0\u00bb locked=\u00a0\u00bboff\u00a0\u00bb]<\/p>\n<h3>D\u00e9gustation<\/h3>\n<h5>Le Cidre du Pays d&rsquo;Auge est rond et puissant. Il se sert frais, autour de 12\u00b0C, avec une viande blanche ou un dessert ou un plateau de fromages normands. Bonne d\u00e9gustation !\u00a0<\/h5>\n<p>[\/et_pb_text][\/et_pb_column][et_pb_column type=\u00a0\u00bb1_2&Prime; _builder_version=\u00a0\u00bb3.25&Prime; custom_padding=\u00a0\u00bb|||\u00a0\u00bb custom_padding__hover=\u00a0\u00bb|||\u00a0\u00bb][\/et_pb_column][\/et_pb_row][\/et_pb_section][et_pb_section fb_built=\u00a0\u00bb1&Prime; admin_label=\u00a0\u00bbMembership\u00a0\u00bb _builder_version=\u00a0\u00bb4.4.4&Prime; background_enable_image=\u00a0\u00bboff\u00a0\u00bb locked=\u00a0\u00bboff\u00a0\u00bb][et_pb_row column_structure=\u00a0\u00bb2_5,3_5&Prime; _builder_version=\u00a0\u00bb4.4.4&Prime; background_image=\u00a0\u00bbhttps:\/\/cidrepaysdauge.com\/wp-content\/uploads\/2020\/04\/fond-orange.png\u00a0\u00bb background_size=\u00a0\u00bbcontain\u00a0\u00bb background_position=\u00a0\u00bbbottom_right\u00a0\u00bb][et_pb_column type=\u00a0\u00bb2_5&Prime; _builder_version=\u00a0\u00bb4.4.1&Prime;][et_pb_image src=\u00a0\u00bbhttps:\/\/cidrepaysdauge.com\/wp-content\/uploads\/2020\/04\/verre.jpg\u00a0\u00bb title_text=\u00a0\u00bbverre\u00a0\u00bb _builder_version=\u00a0\u00bb4.4.9&Prime; module_alignment=\u00a0\u00bbright\u00a0\u00bb min_height_last_edited=\u00a0\u00bboff|desktop\u00a0\u00bb max_height_tablet=\u00a0\u00bb400px\u00a0\u00bb max_height_phone=\u00a0\u00bb400px\u00a0\u00bb max_height_last_edited=\u00a0\u00bbon|tablet\u00a0\u00bb custom_margin_tablet=\u00a0\u00bb|||0px|false|false\u00a0\u00bb custom_margin_last_edited=\u00a0\u00bboff|desktop\u00a0\u00bb custom_padding=\u00a0\u00bb88px||||false|false\u00a0\u00bb][\/et_pb_image][\/et_pb_column][et_pb_column type=\u00a0\u00bb3_5&Prime; _builder_version=\u00a0\u00bb4.4.4&Prime; background_color=\u00a0\u00bb#24394a\u00a0\u00bb background_image=\u00a0\u00bbhttps:\/\/cidrepaysdauge.com\/wp-content\/uploads\/2020\/04\/yoga-tile-02.png\u00a0\u00bb background_size=\u00a0\u00bbinitial\u00a0\u00bb background_position=\u00a0\u00bbtop_left\u00a0\u00bb background_repeat=\u00a0\u00bbrepeat\u00a0\u00bb custom_padding=\u00a0\u00bb6vw|6vw|6vw|60px|true|false\u00a0\u00bb custom_padding_tablet=\u00a0\u00bb50px|10vw|50px|10vw|true|true\u00a0\u00bb custom_padding_phone=\u00a0\u00bb30px||30px||true|false\u00a0\u00bb custom_padding_last_edited=\u00a0\u00bbon|phone\u00a0\u00bb][et_pb_text _builder_version=\u00a0\u00bb4.4.4&Prime; text_text_color=\u00a0\u00bb#f0f0f0&Prime; locked=\u00a0\u00bboff\u00a0\u00bb]<\/p>\n<p>Le cidre Pays d\u2019Auge pr\u00e9sente une robe jaune \u00e0 orang\u00e9e. Il se distingue par la finesse de ses ar\u00f4mes, allant du beurre frais et du fruit dans sa jeunesse \u00e0 des notes menthol\u00e9es et animales dans sa maturit\u00e9.<\/p>\n<p>C\u2019est un cidre demi-sec de faible acidit\u00e9, caract\u00e9ris\u00e9 par l&rsquo;\u00e9l\u00e9gance de l&rsquo;\u00e9quilibre entre les saveurs moelleuses et l\u00e9g\u00e8rement amertum\u00e9es et par son effervescence vive mais jamais foisonnante. Ce cidre normand est faiblement alcoolis\u00e9, autour de 4\u00b0.<\/p>\n<p>Il est ainsi le partenaire id\u00e9al des moments de convivialit\u00e9 sucr\u00e9 ou sucr\u00e9\/sal\u00e9 comme les brunchs, les go\u00fbters ou les desserts.<\/p>\n<p>[\/et_pb_text][\/et_pb_column][\/et_pb_row][\/et_pb_section][et_pb_section fb_built=\u00a0\u00bb1&Prime; admin_label=\u00a0\u00bbAbout\u00a0\u00bb _builder_version=\u00a0\u00bb4.4.4&Prime; background_color=\u00a0\u00bb#f9f6f5&Prime; background_enable_image=\u00a0\u00bboff\u00a0\u00bb background_position=\u00a0\u00bbbottom_center\u00a0\u00bb custom_margin=\u00a0\u00bb||||false|false\u00a0\u00bb custom_padding=\u00a0\u00bb||7vw||false|false\u00a0\u00bb bottom_divider_color=\u00a0\u00bb#ff7b49&Prime; bottom_divider_height=\u00a0\u00bb6vw\u00a0\u00bb bottom_divider_flip=\u00a0\u00bbhorizontal|vertical\u00a0\u00bb locked=\u00a0\u00bboff\u00a0\u00bb][et_pb_row _builder_version=\u00a0\u00bb3.26.3&Prime; custom_padding=\u00a0\u00bb||0px|||\u00a0\u00bb][et_pb_column type=\u00a0\u00bb4_4&Prime; _builder_version=\u00a0\u00bb3.26.3&Prime;][et_pb_text _builder_version=\u00a0\u00bb4.4.4&Prime; max_width=\u00a0\u00bb70%\u00a0\u00bb custom_padding=\u00a0\u00bb|||19px|false|false\u00a0\u00bb locked=\u00a0\u00bboff\u00a0\u00bb]<\/p>\n<h5 style=\"text-align: left;\">Avec quoi<\/h5>\n<h2 style=\"text-align: left;\">boire le cidre Pays d&rsquo;Auge ?<\/h2>\n<p>[\/et_pb_text][\/et_pb_column][\/et_pb_row][et_pb_row column_structure=\u00a0\u00bb1_3,1_3,1_3&Prime; _builder_version=\u00a0\u00bb4.4.4&Prime; custom_padding=\u00a0\u00bb40px|30px||30px|false|false\u00a0\u00bb][et_pb_column type=\u00a0\u00bb1_3&Prime; _builder_version=\u00a0\u00bb4.4.4&Prime;][et_pb_text _builder_version=\u00a0\u00bb4.4.4&Prime; locked=\u00a0\u00bboff\u00a0\u00bb]<\/p>\n<h5>Accords sal\u00e9s<\/h5>\n<ul>\n<li>Viandes blanches et volailles<\/li>\n<li>Galettes de sarrasin et cr\u00eapes<\/li>\n<li>Camembert de Normandie AOP<\/li>\n<\/ul>\n<p>[\/et_pb_text][\/et_pb_column][et_pb_column type=\u00a0\u00bb1_3&Prime; _builder_version=\u00a0\u00bb3.26.3&Prime;][et_pb_text _builder_version=\u00a0\u00bb4.4.4&Prime; locked=\u00a0\u00bboff\u00a0\u00bb]<\/p>\n<h5>Accords sucr\u00e9s<\/h5>\n<ul>\n<li>Tartes aux fruits<\/li>\n<li>Galettes des rois<\/li>\n<\/ul>\n<p>[\/et_pb_text][\/et_pb_column][et_pb_column type=\u00a0\u00bb1_3&Prime; _builder_version=\u00a0\u00bb3.26.3&Prime;][et_pb_text _builder_version=\u00a0\u00bb4.4.6&Prime; locked=\u00a0\u00bboff\u00a0\u00bb]<\/p>\n<h5>Hors des sentiers battus\u00a0<\/h5>\n<ul>\n<li>Cuisine Tha\u00ef<\/li>\n<li>Salade de saison sauce cheesy<\/li>\n<\/ul>\n<p>[\/et_pb_text][\/et_pb_column][\/et_pb_row][\/et_pb_section][et_pb_section fb_built=\u00a0\u00bb1&Prime; admin_label=\u00a0\u00bbFeature\u00a0\u00bb _builder_version=\u00a0\u00bb4.4.4&Prime; background_color=\u00a0\u00bb#f9f6f5&Prime; background_image=\u00a0\u00bbhttps:\/\/cidrepaysdauge.com\/wp-content\/uploads\/2020\/04\/colombage-fin-2.png\u00a0\u00bb background_size=\u00a0\u00bbinitial\u00a0\u00bb background_repeat=\u00a0\u00bbrepeat-x\u00a0\u00bb locked=\u00a0\u00bboff\u00a0\u00bb][et_pb_row column_structure=\u00a0\u00bb1_2,1_2&Prime; _builder_version=\u00a0\u00bb4.4.4&Prime; background_enable_image=\u00a0\u00bboff\u00a0\u00bb background_size=\u00a0\u00bbinitial\u00a0\u00bb background_position=\u00a0\u00bbcenter_right\u00a0\u00bb background_repeat=\u00a0\u00bbrepeat-x\u00a0\u00bb max_width=\u00a0\u00bb960px\u00a0\u00bb custom_margin=\u00a0\u00bb||||false|false\u00a0\u00bb custom_padding=\u00a0\u00bb||64px||false|false\u00a0\u00bb][et_pb_column type=\u00a0\u00bb1_2&Prime; _builder_version=\u00a0\u00bb4.3.4&Prime;][et_pb_image src=\u00a0\u00bbhttps:\/\/cidrepaysdauge.com\/wp-content\/uploads\/2020\/04\/cidrepaysdauge20.jpg\u00a0\u00bb title_text=\u00a0\u00bbcidrepaysdauge20&Prime; _builder_version=\u00a0\u00bb4.4.8&Prime; max_height_tablet=\u00a0\u00bb400px\u00a0\u00bb max_height_phone=\u00a0\u00bb\u00a0\u00bb max_height_last_edited=\u00a0\u00bbon|tablet\u00a0\u00bb custom_margin=\u00a0\u00bb-96px|||||\u00a0\u00bb custom_margin_tablet=\u00a0\u00bb0px||||false|false\u00a0\u00bb custom_margin_phone=\u00a0\u00bb\u00a0\u00bb custom_margin_last_edited=\u00a0\u00bbon|tablet\u00a0\u00bb][\/et_pb_image][\/et_pb_column][et_pb_column type=\u00a0\u00bb1_2&Prime; _builder_version=\u00a0\u00bb4.3.4&Prime;][et_pb_text _builder_version=\u00a0\u00bb4.4.4&Prime; locked=\u00a0\u00bboff\u00a0\u00bb]<\/p>\n<h3>\u00c0 bas la bol\u00e9e ! <br \/>Vive le verre \u00e0 pied !<\/h3>\n<p>Quand on parle de d\u00e9gustation, on parle aussi de verre. Pour appr\u00e9cier les qualit\u00e9s du cidre Pays d\u2019Auge, pensez verre \u00ab tulipe \u00bb. Il s\u2019agit de verre, g\u00e9n\u00e9ralement \u00e0 pied, \u00e9vas\u00e9 sur le bas et l\u00e9g\u00e8rement resserr\u00e9 au niveau du buvant. Ce type de verre permet de valoriser les ar\u00f4mes du cidre Pays d\u2019Auge ainsi que ses fines bulles.<\/p>\n<p>Oubliez la bol\u00e9e qui fait perdre toute l\u2019expression aromatique du cidre Pays d\u2019auge comme ses fines bulles.<\/p>\n<p>[\/et_pb_text][\/et_pb_column][\/et_pb_row][\/et_pb_section][et_pb_section fb_built=\u00a0\u00bb1&Prime; admin_label=\u00a0\u00bbFeature\u00a0\u00bb _builder_version=\u00a0\u00bb4.4.4&Prime; background_color=\u00a0\u00bb#f0f0f0&Prime; background_enable_image=\u00a0\u00bboff\u00a0\u00bb background_size=\u00a0\u00bbinitial\u00a0\u00bb custom_padding=\u00a0\u00bb46px||1px||false|false\u00a0\u00bb locked=\u00a0\u00bboff\u00a0\u00bb][et_pb_row column_structure=\u00a0\u00bb1_2,1_2&Prime; _builder_version=\u00a0\u00bb4.4.6&Prime;][et_pb_column type=\u00a0\u00bb1_2&Prime; _builder_version=\u00a0\u00bb4.4.4&Prime;][et_pb_text _builder_version=\u00a0\u00bb4.4.6&Prime;]<\/p>\n<h4>Recettes avec le cidre Pays d\u2019Auge<\/h4>\n<p style=\"text-align: justify;\">Le cidre Pays d\u2019Auge vient r\u00e9veiller les recettes et s\u2019int\u00e8gre formidablement \u00e0 elles. L\u2019exemple le plus \u00e9vident est le poulet vall\u00e9e d\u2019Auge.<\/p>\n<p style=\"text-align: justify;\">Il devient aussi l\u2019ingr\u00e9dient myst\u00e8re des blanquettes r\u00e9ussies ou des cr\u00eapes a\u00e9riennes.<\/p>\n<p>[\/et_pb_text][\/et_pb_column][et_pb_column type=\u00a0\u00bb1_2&Prime; _builder_version=\u00a0\u00bb4.4.6&Prime;][et_pb_video src=\u00a0\u00bbhttps:\/\/youtu.be\/lrGI-dUSWts\u00a0\u00bb image_src=\u00a0\u00bb\/\/i.ytimg.com\/vi\/lrGI-dUSWts\/hqdefault.jpg\u00a0\u00bb play_icon_color=\u00a0\u00bb#ff7b49&Prime; thumbnail_overlay_color=\u00a0\u00bbrgba(0,0,0,0.6)\u00a0\u00bb _builder_version=\u00a0\u00bb4.4.6&Prime;][\/et_pb_video][\/et_pb_column][\/et_pb_row][\/et_pb_section][et_pb_section fb_built=\u00a0\u00bb1&Prime; prev_background_color=\u00a0\u00bb#f0f0f0&Prime; _builder_version=\u00a0\u00bb4.4.4&Prime; background_color=\u00a0\u00bb#444444&Prime; background_enable_image=\u00a0\u00bboff\u00a0\u00bb background_size=\u00a0\u00bbinitial\u00a0\u00bb background_position=\u00a0\u00bbcenter_right\u00a0\u00bb background_repeat=\u00a0\u00bbrepeat-y\u00a0\u00bb custom_padding=\u00a0\u00bb90px|||||\u00a0\u00bb top_divider_style=\u00a0\u00bbslant\u00a0\u00bb top_divider_height=\u00a0\u00bb70px\u00a0\u00bb top_divider_flip=\u00a0\u00bbhorizontal\u00a0\u00bb bottom_divider_style=\u00a0\u00bbslant\u00a0\u00bb bottom_divider_color=\u00a0\u00bb#f9f6f5&Prime; bottom_divider_height=\u00a0\u00bb70px\u00a0\u00bb bottom_divider_flip=\u00a0\u00bbhorizontal\u00a0\u00bb locked=\u00a0\u00bboff\u00a0\u00bb][et_pb_row column_structure=\u00a0\u00bb2_5,3_5&Prime; _builder_version=\u00a0\u00bb4.4.4&Prime;][et_pb_column type=\u00a0\u00bb2_5&Prime; _builder_version=\u00a0\u00bb4.4.4&Prime;][et_pb_text _builder_version=\u00a0\u00bb4.4.8&Prime; text_text_color=\u00a0\u00bb#f0f0f0&Prime; header_font=\u00a0\u00bb|300|||||||\u00a0\u00bb header_text_color=\u00a0\u00bb#f0f0f0&Prime; header_3_text_color=\u00a0\u00bb#f0f0f0&Prime; locked=\u00a0\u00bboff\u00a0\u00bb]<\/p>\n<h3>Comment lire une \u00e9tiquette\u00a0?<\/h3>\n<p>[\/et_pb_text][et_pb_image src=\u00a0\u00bbhttps:\/\/cidrepaysdauge.com\/wp-content\/uploads\/2020\/04\/400px-Logo-AOp-150&#215;150.png\u00a0\u00bb title_text=\u00a0\u00bb400px-Logo-AOp\u00a0\u00bb _builder_version=\u00a0\u00bb4.4.4&Prime;][\/et_pb_image][\/et_pb_column][et_pb_column type=\u00a0\u00bb3_5&Prime; _builder_version=\u00a0\u00bb4.4.4&Prime; background_enable_color=\u00a0\u00bboff\u00a0\u00bb background_enable_image=\u00a0\u00bboff\u00a0\u00bb background_size=\u00a0\u00bbinitial\u00a0\u00bb background_position=\u00a0\u00bbcenter_right\u00a0\u00bb background_repeat=\u00a0\u00bbrepeat-x\u00a0\u00bb custom_padding=\u00a0\u00bb|15px|23px|15px|false|false\u00a0\u00bb][et_pb_text _builder_version=\u00a0\u00bb4.4.4&Prime; text_text_color=\u00a0\u00bb#f0f0f0&Prime; locked=\u00a0\u00bboff\u00a0\u00bb]<\/p>\n<h6>Pour \u00eatre certain que vous achetez un cidre Pays d\u2019Auge AOP<\/h6>\n<p><strong>Recherchez le nom de l\u2019appellation \u00ab\u00a0Pays d\u2019Auge\u00a0\u00bb et le logo rouge et jaune de l\u2019Appellation d\u2019Origine Prot\u00e9g\u00e9e.<\/strong><\/p>\n<p>Vous pouvez parfois trouver la mention \u00ab\u00a0Cambremer\u00a0\u00bb ou \u00ab\u00a0de Cambremer\u00a0\u00bb sur le cidre Pays d\u2019Auge AOP. Cela signifie, en plus de respecter <a href=\"https:\/\/cidrepaysdauge.com\/elaboration\">le cahier des charges de l\u2019appellation<\/a>, qu\u2019il provient des communes du Calvados suivantes\u00a0:<\/p>\n<p><em>Auvillars, Beaufour-Druval, Beuvron-en-Auge, Bonnebosq, Cambremer, Cr\u00e8vecoeur-en-Auge, Formentin, Le Fournet, Gerrots, Hotot-en-Auge, La Houblonni\u00e8re, L\u00e9aupartie, Monteille, Montreuil-en-Auge, Notre-Dame-d&rsquo;Estr\u00e9es, Notre-Dame-de-Livaye, Repentigny, La Roque-Baignard, Rumesnil, Saint-Laurent-du-Mont, Saint-Ouen-le-Pin, Victot-Pontfol<\/em>.<\/p>\n<p>[\/et_pb_text][\/et_pb_column][\/et_pb_row][\/et_pb_section]<\/p>\n","protected":false},"excerpt":{"rendered":"<p>Mille fa\u00e7ons de savourerD\u00e9gustation Le Cidre du Pays d&rsquo;Auge est rond et puissant. Il se sert frais, autour de 12\u00b0C, avec une viande blanche ou un dessert ou un plateau de fromages normands. Bonne d\u00e9gustation !\u00a0Le cidre Pays d\u2019Auge pr\u00e9sente une robe jaune \u00e0 orang\u00e9e. Il se distingue par la finesse de ses ar\u00f4mes, allant [&hellip;]<\/p>\n","protected":false},"author":1,"featured_media":0,"parent":0,"menu_order":5,"comment_status":"closed","ping_status":"closed","template":"","meta":{"_et_pb_use_builder":"on","_et_pb_old_content":"","_et_gb_content_width":"","footnotes":""},"class_list":["post-240","page","type-page","status-publish","hentry"],"yoast_head":"<!-- This site is optimized with the Yoast SEO plugin v26.8 - https:\/\/yoast.com\/product\/yoast-seo-wordpress\/ -->\n<title>Degustation - Cidre Pays d&#039;Auge<\/title>\n<meta name=\"description\" content=\"D\u00e9gustation du cidre Pays d&#039;Auge : conseil de service et de d\u00e9gustation des cidres Pays d&#039;Auge, accords mets, recettes...\" \/>\n<meta name=\"robots\" content=\"index, follow, max-snippet:-1, max-image-preview:large, max-video-preview:-1\" \/>\n<link rel=\"canonical\" href=\"https:\/\/cidrepaysdauge.com\/fr\/degustation\/\" \/>\n<meta property=\"og:locale\" content=\"fr_FR\" \/>\n<meta property=\"og:type\" content=\"article\" \/>\n<meta property=\"og:title\" content=\"Degustation - Cidre Pays d&#039;Auge\" \/>\n<meta property=\"og:description\" content=\"D\u00e9gustation du cidre Pays d&#039;Auge : conseil de service et de d\u00e9gustation des cidres Pays d&#039;Auge, accords mets, recettes...\" \/>\n<meta property=\"og:url\" content=\"https:\/\/cidrepaysdauge.com\/fr\/degustation\/\" \/>\n<meta property=\"og:site_name\" content=\"Cidre Pays d&#039;Auge\" \/>\n<meta property=\"article:publisher\" content=\"https:\/\/www.facebook.com\/cidrepaysdauge\" \/>\n<meta property=\"article:modified_time\" content=\"2021-04-09T13:22:29+00:00\" \/>\n<meta name=\"twitter:card\" content=\"summary_large_image\" \/>\n<meta name=\"twitter:label1\" content=\"Dur\u00e9e de lecture estim\u00e9e\" \/>\n\t<meta name=\"twitter:data1\" content=\"8 minutes\" \/>\n<script type=\"application\/ld+json\" class=\"yoast-schema-graph\">{\"@context\":\"https:\/\/schema.org\",\"@graph\":[{\"@type\":\"WebPage\",\"@id\":\"https:\/\/cidrepaysdauge.com\/fr\/degustation\/\",\"url\":\"https:\/\/cidrepaysdauge.com\/fr\/degustation\/\",\"name\":\"Degustation - Cidre Pays d&#039;Auge\",\"isPartOf\":{\"@id\":\"https:\/\/cidrepaysdauge.com\/fr\/#website\"},\"datePublished\":\"2020-04-21T15:55:51+00:00\",\"dateModified\":\"2021-04-09T13:22:29+00:00\",\"description\":\"D\u00e9gustation du cidre Pays d'Auge : conseil de service et de d\u00e9gustation des cidres Pays d'Auge, accords mets, recettes...\",\"breadcrumb\":{\"@id\":\"https:\/\/cidrepaysdauge.com\/fr\/degustation\/#breadcrumb\"},\"inLanguage\":\"fr-FR\",\"potentialAction\":[{\"@type\":\"ReadAction\",\"target\":[\"https:\/\/cidrepaysdauge.com\/fr\/degustation\/\"]}]},{\"@type\":\"BreadcrumbList\",\"@id\":\"https:\/\/cidrepaysdauge.com\/fr\/degustation\/#breadcrumb\",\"itemListElement\":[{\"@type\":\"ListItem\",\"position\":1,\"name\":\"Home\",\"item\":\"https:\/\/cidrepaysdauge.com\/fr\/\"},{\"@type\":\"ListItem\",\"position\":2,\"name\":\"Degustation\"}]},{\"@type\":\"WebSite\",\"@id\":\"https:\/\/cidrepaysdauge.com\/fr\/#website\",\"url\":\"https:\/\/cidrepaysdauge.com\/fr\/\",\"name\":\"Cidre Pays d'Auge\",\"description\":\"\",\"publisher\":{\"@id\":\"https:\/\/cidrepaysdauge.com\/fr\/#organization\"},\"potentialAction\":[{\"@type\":\"SearchAction\",\"target\":{\"@type\":\"EntryPoint\",\"urlTemplate\":\"https:\/\/cidrepaysdauge.com\/fr\/?s={search_term_string}\"},\"query-input\":{\"@type\":\"PropertyValueSpecification\",\"valueRequired\":true,\"valueName\":\"search_term_string\"}}],\"inLanguage\":\"fr-FR\"},{\"@type\":\"Organization\",\"@id\":\"https:\/\/cidrepaysdauge.com\/fr\/#organization\",\"name\":\"Cidre Pays d'Auge\",\"url\":\"https:\/\/cidrepaysdauge.com\/fr\/\",\"logo\":{\"@type\":\"ImageObject\",\"inLanguage\":\"fr-FR\",\"@id\":\"https:\/\/cidrepaysdauge.com\/fr\/#\/schema\/logo\/image\/\",\"url\":\"https:\/\/cidrepaysdauge.com\/wp-content\/uploads\/2020\/04\/200px-Logo-AOP.png\",\"contentUrl\":\"https:\/\/cidrepaysdauge.com\/wp-content\/uploads\/2020\/04\/200px-Logo-AOP.png\",\"width\":200,\"height\":112,\"caption\":\"Cidre Pays d'Auge\"},\"image\":{\"@id\":\"https:\/\/cidrepaysdauge.com\/fr\/#\/schema\/logo\/image\/\"},\"sameAs\":[\"https:\/\/www.facebook.com\/cidrepaysdauge\",\"https:\/\/www.instagram.com\/cidrepaysdauge\/\",\"https:\/\/www.youtube.com\/channel\/UCTf-qM928h9Skk5Ltl1ihAw\"]}]}<\/script>\n<!-- \/ Yoast SEO plugin. -->","yoast_head_json":{"title":"Degustation - Cidre Pays d&#039;Auge","description":"D\u00e9gustation du cidre Pays d'Auge : conseil de service et de d\u00e9gustation des cidres Pays d'Auge, accords mets, recettes...","robots":{"index":"index","follow":"follow","max-snippet":"max-snippet:-1","max-image-preview":"max-image-preview:large","max-video-preview":"max-video-preview:-1"},"canonical":"https:\/\/cidrepaysdauge.com\/fr\/degustation\/","og_locale":"fr_FR","og_type":"article","og_title":"Degustation - Cidre Pays d&#039;Auge","og_description":"D\u00e9gustation du cidre Pays d'Auge : conseil de service et de d\u00e9gustation des cidres Pays d'Auge, accords mets, recettes...","og_url":"https:\/\/cidrepaysdauge.com\/fr\/degustation\/","og_site_name":"Cidre Pays d&#039;Auge","article_publisher":"https:\/\/www.facebook.com\/cidrepaysdauge","article_modified_time":"2021-04-09T13:22:29+00:00","twitter_card":"summary_large_image","twitter_misc":{"Dur\u00e9e de lecture estim\u00e9e":"8 minutes"},"schema":{"@context":"https:\/\/schema.org","@graph":[{"@type":"WebPage","@id":"https:\/\/cidrepaysdauge.com\/fr\/degustation\/","url":"https:\/\/cidrepaysdauge.com\/fr\/degustation\/","name":"Degustation - Cidre Pays d&#039;Auge","isPartOf":{"@id":"https:\/\/cidrepaysdauge.com\/fr\/#website"},"datePublished":"2020-04-21T15:55:51+00:00","dateModified":"2021-04-09T13:22:29+00:00","description":"D\u00e9gustation du cidre Pays d'Auge : conseil de service et de d\u00e9gustation des cidres Pays d'Auge, accords mets, recettes...","breadcrumb":{"@id":"https:\/\/cidrepaysdauge.com\/fr\/degustation\/#breadcrumb"},"inLanguage":"fr-FR","potentialAction":[{"@type":"ReadAction","target":["https:\/\/cidrepaysdauge.com\/fr\/degustation\/"]}]},{"@type":"BreadcrumbList","@id":"https:\/\/cidrepaysdauge.com\/fr\/degustation\/#breadcrumb","itemListElement":[{"@type":"ListItem","position":1,"name":"Home","item":"https:\/\/cidrepaysdauge.com\/fr\/"},{"@type":"ListItem","position":2,"name":"Degustation"}]},{"@type":"WebSite","@id":"https:\/\/cidrepaysdauge.com\/fr\/#website","url":"https:\/\/cidrepaysdauge.com\/fr\/","name":"Cidre Pays d'Auge","description":"","publisher":{"@id":"https:\/\/cidrepaysdauge.com\/fr\/#organization"},"potentialAction":[{"@type":"SearchAction","target":{"@type":"EntryPoint","urlTemplate":"https:\/\/cidrepaysdauge.com\/fr\/?s={search_term_string}"},"query-input":{"@type":"PropertyValueSpecification","valueRequired":true,"valueName":"search_term_string"}}],"inLanguage":"fr-FR"},{"@type":"Organization","@id":"https:\/\/cidrepaysdauge.com\/fr\/#organization","name":"Cidre Pays d'Auge","url":"https:\/\/cidrepaysdauge.com\/fr\/","logo":{"@type":"ImageObject","inLanguage":"fr-FR","@id":"https:\/\/cidrepaysdauge.com\/fr\/#\/schema\/logo\/image\/","url":"https:\/\/cidrepaysdauge.com\/wp-content\/uploads\/2020\/04\/200px-Logo-AOP.png","contentUrl":"https:\/\/cidrepaysdauge.com\/wp-content\/uploads\/2020\/04\/200px-Logo-AOP.png","width":200,"height":112,"caption":"Cidre Pays d'Auge"},"image":{"@id":"https:\/\/cidrepaysdauge.com\/fr\/#\/schema\/logo\/image\/"},"sameAs":["https:\/\/www.facebook.com\/cidrepaysdauge","https:\/\/www.instagram.com\/cidrepaysdauge\/","https:\/\/www.youtube.com\/channel\/UCTf-qM928h9Skk5Ltl1ihAw"]}]}},"_links":{"self":[{"href":"https:\/\/cidrepaysdauge.com\/fr\/wp-json\/wp\/v2\/pages\/240","targetHints":{"allow":["GET"]}}],"collection":[{"href":"https:\/\/cidrepaysdauge.com\/fr\/wp-json\/wp\/v2\/pages"}],"about":[{"href":"https:\/\/cidrepaysdauge.com\/fr\/wp-json\/wp\/v2\/types\/page"}],"author":[{"embeddable":true,"href":"https:\/\/cidrepaysdauge.com\/fr\/wp-json\/wp\/v2\/users\/1"}],"replies":[{"embeddable":true,"href":"https:\/\/cidrepaysdauge.com\/fr\/wp-json\/wp\/v2\/comments?post=240"}],"version-history":[{"count":0,"href":"https:\/\/cidrepaysdauge.com\/fr\/wp-json\/wp\/v2\/pages\/240\/revisions"}],"wp:attachment":[{"href":"https:\/\/cidrepaysdauge.com\/fr\/wp-json\/wp\/v2\/media?parent=240"}],"curies":[{"name":"wp","href":"https:\/\/api.w.org\/{rel}","templated":true}]}}